{"id":3207,"date":"2021-04-14T13:10:42","date_gmt":"2021-04-14T11:10:42","guid":{"rendered":"https:\/\/m-five.de\/impressum"},"modified":"2024-06-04T15:23:53","modified_gmt":"2024-06-04T13:23:53","slug":"legal-notice","status":"publish","type":"page","link":"https:\/\/m-five.de\/en\/legal-notice","title":{"rendered":"Legal Notice"},"content":{"rendered":"<p>[et_pb_section fb_built=&#8221;1&#8243; module_class=&#8221;breadcrumbContainer&#8221; _builder_version=&#8221;4.3.4&#8243;][et_pb_row _builder_version=&#8221;4.3.4&#8243;][et_pb_column type=&#8221;4_4&#8243; _builder_version=&#8221;4.3.4&#8243;][et_pb_code _builder_version=&#8221;4.3.4&#8243;]<nav aria-label=\"breadcrumbs\">\n            <div class=\"breadcrumb-container theme1\">\n                <ol>\n                                    <\/ol>\n            <\/div>\n        <\/nav>    <script type=\"application\/ld+json\">\n        {\n            \"@context\": \"http:\/\/schema.org\",\n            \"@type\": \"BreadcrumbList\",\n            \"itemListElement\": [\n                            ]\n        }\n    <\/script>\n   \n    <script>\n            <\/script>\n[\/et_pb_code][\/et_pb_column][\/et_pb_row][\/et_pb_section][et_pb_section fb_built=&#8221;1&#8243; module_class=&#8221;headerLine&#8221; _builder_version=&#8221;4.3.4&#8243;][et_pb_row _builder_version=&#8221;4.3.4&#8243;][et_pb_column type=&#8221;4_4&#8243; _builder_version=&#8221;4.3.4&#8243;][et_pb_text _builder_version=&#8221;4.3.4&#8243;]<\/p>\n<h1>Legal Notice<\/h1>\n<p>[\/et_pb_text][\/et_pb_column][\/et_pb_row][et_pb_row _builder_version=&#8221;4.3.4&#8243;][et_pb_column type=&#8221;4_4&#8243; _builder_version=&#8221;4.3.4&#8243;][et_pb_text _builder_version=&#8221;4.9.4&#8243;]<\/p>\n<p>M-Five GmbH<br \/>\nMobility, Futures, Innovation, Economics<br \/>\nBahnhofstra\u00dfe 46, 76137 Karlsruhe<\/p>\n<p><strong>Represented by:<\/strong><br \/>\nDr. Wolfgang Schade, Gesch\u00e4ftsf\u00fchrung<br \/>\nM-Five GmbH Mobility, Futures, Innovation, Economics<\/p>\n<p><strong>Contact:<\/strong><br \/>\nPhone: +49 721 824818-90<br \/>\nFax: +49 721 824818-91<br \/>\nEmail: contact [at] m-five.de<\/p>\n<p><strong>Entry in commercial registry:<\/strong><br \/>\nRegistergericht: Mannheim<br \/>\nRegisternummer: HRB 722341<br \/>\nVerantwortlich f\u00fcr den Inhalt<br \/>\nnach \u00a7 55 Abs. 2 RStV: Dr. Wolfgang Schade<br \/>\nBahnhofstra\u00dfe 46, 76137 Karlsruhe<\/p>\n<p><strong>Sources for the used images and graphics:<\/strong><br \/>\n<a href=\"https:\/\/www.ff-studio.de\/\" target=\"_blank\" rel=\"noopener\">www.ff-studio.de<\/a><br \/>\n<a href=\"https:\/\/stock.adobe.com\/\" target=\"_blank\" rel=\"noopener\">www.stock.adobe.com<\/a><br \/>\n<a href=\"https:\/\/www.pexels.com\/\" target=\"_blank\" rel=\"noopener\">www.pexels.com<\/a><\/p>\n<p><strong>Web design and Programming:<\/strong><br \/>\nWerbeagentur von Schickh GmbH, <a href=\"http:\/\/www.wvs.de\" target=\"_blank\" rel=\"noopener noreferrer\">www.wvs.de<\/a><\/p>\n<p>[\/et_pb_text][\/et_pb_column][\/et_pb_row][\/et_pb_section]<\/p>\n","protected":false},"excerpt":{"rendered":"<p>[et_pb_section fb_built=&#8221;1&#8243; module_class=&#8221;breadcrumbContainer&#8221; _builder_version=&#8221;4.3.4&#8243;][et_pb_row _builder_version=&#8221;4.3.4&#8243;][et_pb_column type=&#8221;4_4&#8243; _builder_version=&#8221;4.3.4&#8243;][et_pb_code _builder_version=&#8221;4.3.4&#8243;][\/et_pb_code][\/et_pb_column][\/et_pb_row][\/et_pb_section][et_pb_section fb_built=&#8221;1&#8243; module_class=&#8221;headerLine&#8221; _builder_version=&#8221;4.3.4&#8243;][et_pb_row _builder_version=&#8221;4.3.4&#8243;][et_pb_column type=&#8221;4_4&#8243; _builder_version=&#8221;4.3.4&#8243;][et_pb_text _builder_version=&#8221;4.3.4&#8243;] Legal Notice [\/et_pb_text][\/et_pb_column][\/et_pb_row][et_pb_row _builder_version=&#8221;4.3.4&#8243;][et_pb_column type=&#8221;4_4&#8243; _builder_version=&#8221;4.3.4&#8243;][et_pb_text _builder_version=&#8221;4.9.4&#8243;] M-Five GmbH Mobility, Futures, Innovation, Economics Bahnhofstra\u00dfe 46, 76137 Karlsruhe Represented by: Dr. Wolfgang Schade, Gesch\u00e4ftsf\u00fchrung M-Five GmbH Mobility, Futures, Innovation, Economics Contact: Phone: +49 721 824818-90 Fax: +49 721 824818-91 Email: contact [&hellip;]<\/p>\n","protected":false},"author":4,"featured_media":0,"parent":0,"menu_order":0,"comment_status":"closed","ping_status":"closed","template":"","meta":{"_acf_changed":false,"_et_pb_use_builder":"on","_et_pb_old_content":"","_et_gb_content_width":"","footnotes":""},"class_list":["post-3207","page","type-page","status-publish","hentry"],"acf":[],"aioseo_notices":[],"_links":{"self":[{"href":"https:\/\/m-five.de\/en\/wp-json\/wp\/v2\/pages\/3207","targetHints":{"allow":["GET"]}}],"collection":[{"href":"https:\/\/m-five.de\/en\/wp-json\/wp\/v2\/pages"}],"about":[{"href":"https:\/\/m-five.de\/en\/wp-json\/wp\/v2\/types\/page"}],"author":[{"embeddable":true,"href":"https:\/\/m-five.de\/en\/wp-json\/wp\/v2\/users\/4"}],"replies":[{"embeddable":true,"href":"https:\/\/m-five.de\/en\/wp-json\/wp\/v2\/comments?post=3207"}],"version-history":[{"count":11,"href":"https:\/\/m-five.de\/en\/wp-json\/wp\/v2\/pages\/3207\/revisions"}],"predecessor-version":[{"id":5707,"href":"https:\/\/m-five.de\/en\/wp-json\/wp\/v2\/pages\/3207\/revisions\/5707"}],"wp:attachment":[{"href":"https:\/\/m-five.de\/en\/wp-json\/wp\/v2\/media?parent=3207"}],"curies":[{"name":"wp","href":"https:\/\/api.w.org\/{rel}","templated":true}]}}